{"id":13,"date":"2019-08-09T15:17:38","date_gmt":"2019-08-09T15:17:38","guid":{"rendered":"http:\/\/edersee-perle.de\/?page_id=13"},"modified":"2019-12-27T13:50:24","modified_gmt":"2019-12-27T13:50:24","slug":"olivin","status":"publish","type":"page","link":"https:\/\/edersee-perle.de\/?page_id=13","title":{"rendered":"Olivin"},"content":{"rendered":"\n<p> Ferienwohnung 30 m\u00b2<\/p>\n\n\n\n<p>Personen: 2<\/p>\n\n\n\n<p>Schlafzimmer: 1<\/p>\n\n\n\n<p>Badezimmer: 1<\/p>\n\n\n\n<p>Min. Aufenthalt: 2 N\u00e4chte <\/p>\n\n\n\n<h3 class=\"wp-block-heading\">eine Wohnung f\u00fcr 2 Personen<\/h3>\n\n\n\n<p>Unsere Ferienwohnung &#8222;Olivin&#8220; ist eine komplett  barrierefreie,  kuschelige 27m\u00b2 Wohnung f\u00fcr 2 Personen.<\/p>\n\n\n\n<p>(Stellen eines Babyreisebettes ist nicht m\u00f6glich)<\/p>\n\n\n\n<p>Die Einraumwohnung besteht aus einer K\u00fcchenzeile mit Herd, Backofen, einem Essplatz f\u00fcr zwei, einem 1,60m breiten Bett und einem  Badezimmer  mit Dusche.<\/p>\n\n\n\n<p>Von einem gem\u00fctlichen  Sofa aus, sowie vom Bett aus k\u00f6nnen Sie  TV und DVD`s schauen. ( Bitte selbst mitbringen). <\/p>\n\n\n\n<p>Olivin hat keine eigene Terrasse und keinen direkten Zugang zur Gemeinschaftsfl\u00e4che, diese kann aber nat\u00fcrlich genutzt werden. Ab diesem  Sommer wird dort auch ein Grill f\u00fcr alle G\u00e4ste zur Verf\u00fcgung stehen.<\/p>\n\n\n\n<p>Es gibt eine separate Sitzm\u00f6glichkeit ums Haus herum im Freien.<\/p>\n\n\n\n<p>Vor der Eingangst\u00fcr steht ein kleiner Tisch und zwei St\u00fchle- hier schmeckt der Morgenkaffee in der Sonne.<\/p>\n\n\n\n<p>Haustiere sind nicht erlaubt.<\/p>\n\n\n\n<div class=\"wp-block-envira-envira-gallery\"><div id=\"envira-gallery-wrap-161\" class=\"envira-gallery-wrap envira-gallery-theme-base envira-lightbox-theme-base\" itemscope itemtype=\"https:\/\/schema.org\/ImageGallery\"><div data-row-height=\"150\" data-gallery-theme=\"normal\" id=\"envira-gallery-161\" class=\"envira-gallery-public envira-gallery-justified-public envira-gallery-0-columns envira-clear enviratope envira-gallery-css-animations\" data-envira-columns=\"0\"><div id=\"envira-gallery-item-150\" class=\"envira-gallery-item enviratope-item envira-gallery-item-1 envira-lazy-load\" style=\"padding-left: 1px; padding-bottom: 1px; padding-right: 1px;\"  itemscope itemtype=\"https:\/\/schema.org\/ImageObject\"><div class=\"envira-gallery-item-inner\"><div class=\"envira-gallery-position-overlay  envira-gallery-top-left\"><\/div><div class=\"envira-gallery-position-overlay  envira-gallery-top-right\"><\/div><div class=\"envira-gallery-position-overlay  envira-gallery-bottom-left\"><\/div><div class=\"envira-gallery-position-overlay  envira-gallery-bottom-right\"><\/div><a href=\"https:\/\/edersee-perle.de\/wp-content\/uploads\/2019\/12\/olivin-1.jpg\" class=\"envira-gallery-161 envira-gallery-link\" rel=\"enviragallery161\" title=\"olivin-1\" data-envira-caption=\"olivin-1\" data-envira-retina=\"\" data-thumbnail=\"\"  itemprop=\"contentUrl\"><img decoding=\"async\" id=\"envira-gallery-image-150\" class=\"envira-gallery-image envira-gallery-image-1 envira-normal envira-lazy\" data-envira-index=\"1\" src=\"https:\/\/edersee-perle.de\/wp-content\/uploads\/2019\/12\/olivin-1-640x480.jpg\" data-envira-src=\"https:\/\/edersee-perle.de\/wp-content\/uploads\/2019\/12\/olivin-1-640x480.jpg\" data-envira-gallery-id=\"161\" data-envira-item-id=\"150\" data-envira-caption=\"olivin-1\" alt=\"\" title=\"olivin-1\"  itemprop=\"thumbnailUrl\" data-envira-srcset=\"https:\/\/edersee-perle.de\/wp-content\/uploads\/2019\/12\/olivin-1-640x480.jpg 400w,https:\/\/edersee-perle.de\/wp-content\/uploads\/2019\/12\/olivin-1-640x480.jpg 2x\" data-envira-width=\"169\" data-envira-height=\"300\" srcset=\"data:image\/gif;base64,R0lGODlhAQABAIAAAP\/\/\/\/\/\/\/yH5BAEKAAEALAAAAAABAAEAAAICTAEAOw==\" data-safe-src=\"data:image\/gif;base64,R0lGODlhAQABAIAAAP\/\/\/\/\/\/\/yH5BAEKAAEALAAAAAABAAEAAAICTAEAOw==\" \/><\/a><\/div><\/div><div id=\"envira-gallery-item-151\" class=\"envira-gallery-item enviratope-item envira-gallery-item-2 envira-lazy-load\" style=\"padding-left: 1px; padding-bottom: 1px; padding-right: 1px;\"  itemscope itemtype=\"https:\/\/schema.org\/ImageObject\"><div class=\"envira-gallery-item-inner\"><div class=\"envira-gallery-position-overlay  envira-gallery-top-left\"><\/div><div class=\"envira-gallery-position-overlay  envira-gallery-top-right\"><\/div><div class=\"envira-gallery-position-overlay  envira-gallery-bottom-left\"><\/div><div class=\"envira-gallery-position-overlay  envira-gallery-bottom-right\"><\/div><a href=\"https:\/\/edersee-perle.de\/wp-content\/uploads\/2019\/12\/olivin-2.jpg\" class=\"envira-gallery-161 envira-gallery-link\" rel=\"enviragallery161\" title=\"olivin-2\" data-envira-caption=\"olivin-2\" data-envira-retina=\"\" data-thumbnail=\"\"  itemprop=\"contentUrl\"><img decoding=\"async\" id=\"envira-gallery-image-151\" class=\"envira-gallery-image envira-gallery-image-2 envira-normal envira-lazy\" data-envira-index=\"2\" src=\"https:\/\/edersee-perle.de\/wp-content\/uploads\/2019\/12\/olivin-2-640x480.jpg\" data-envira-src=\"https:\/\/edersee-perle.de\/wp-content\/uploads\/2019\/12\/olivin-2-640x480.jpg\" data-envira-gallery-id=\"161\" data-envira-item-id=\"151\" data-envira-caption=\"olivin-2\" alt=\"\" title=\"olivin-2\"  itemprop=\"thumbnailUrl\" data-envira-srcset=\"https:\/\/edersee-perle.de\/wp-content\/uploads\/2019\/12\/olivin-2-640x480.jpg 400w,https:\/\/edersee-perle.de\/wp-content\/uploads\/2019\/12\/olivin-2-640x480.jpg 2x\" data-envira-width=\"169\" data-envira-height=\"300\" srcset=\"data:image\/gif;base64,R0lGODlhAQABAIAAAP\/\/\/\/\/\/\/yH5BAEKAAEALAAAAAABAAEAAAICTAEAOw==\" data-safe-src=\"data:image\/gif;base64,R0lGODlhAQABAIAAAP\/\/\/\/\/\/\/yH5BAEKAAEALAAAAAABAAEAAAICTAEAOw==\" \/><\/a><\/div><\/div><div id=\"envira-gallery-item-152\" class=\"envira-gallery-item enviratope-item envira-gallery-item-3 envira-lazy-load\" style=\"padding-left: 1px; padding-bottom: 1px; padding-right: 1px;\"  itemscope itemtype=\"https:\/\/schema.org\/ImageObject\"><div class=\"envira-gallery-item-inner\"><div class=\"envira-gallery-position-overlay  envira-gallery-top-left\"><\/div><div class=\"envira-gallery-position-overlay  envira-gallery-top-right\"><\/div><div class=\"envira-gallery-position-overlay  envira-gallery-bottom-left\"><\/div><div class=\"envira-gallery-position-overlay  envira-gallery-bottom-right\"><\/div><a href=\"https:\/\/edersee-perle.de\/wp-content\/uploads\/2019\/12\/olivin-3.jpg\" class=\"envira-gallery-161 envira-gallery-link\" rel=\"enviragallery161\" title=\"olivin-3\" data-envira-caption=\"olivin-3\" data-envira-retina=\"\" data-thumbnail=\"\"  itemprop=\"contentUrl\"><img decoding=\"async\" id=\"envira-gallery-image-152\" class=\"envira-gallery-image envira-gallery-image-3 envira-normal envira-lazy\" data-envira-index=\"3\" src=\"https:\/\/edersee-perle.de\/wp-content\/uploads\/2019\/12\/olivin-3-640x480.jpg\" data-envira-src=\"https:\/\/edersee-perle.de\/wp-content\/uploads\/2019\/12\/olivin-3-640x480.jpg\" data-envira-gallery-id=\"161\" data-envira-item-id=\"152\" data-envira-caption=\"olivin-3\" alt=\"\" title=\"olivin-3\"  itemprop=\"thumbnailUrl\" data-envira-srcset=\"https:\/\/edersee-perle.de\/wp-content\/uploads\/2019\/12\/olivin-3-640x480.jpg 400w,https:\/\/edersee-perle.de\/wp-content\/uploads\/2019\/12\/olivin-3-640x480.jpg 2x\" data-envira-width=\"300\" data-envira-height=\"169\" srcset=\"data:image\/gif;base64,R0lGODlhAQABAIAAAP\/\/\/\/\/\/\/yH5BAEKAAEALAAAAAABAAEAAAICTAEAOw==\" data-safe-src=\"data:image\/gif;base64,R0lGODlhAQABAIAAAP\/\/\/\/\/\/\/yH5BAEKAAEALAAAAAABAAEAAAICTAEAOw==\" \/><\/a><\/div><\/div><div id=\"envira-gallery-item-153\" class=\"envira-gallery-item enviratope-item envira-gallery-item-4 envira-lazy-load\" style=\"padding-left: 1px; padding-bottom: 1px; padding-right: 1px;\"  itemscope itemtype=\"https:\/\/schema.org\/ImageObject\"><div class=\"envira-gallery-item-inner\"><div class=\"envira-gallery-position-overlay  envira-gallery-top-left\"><\/div><div class=\"envira-gallery-position-overlay  envira-gallery-top-right\"><\/div><div class=\"envira-gallery-position-overlay  envira-gallery-bottom-left\"><\/div><div class=\"envira-gallery-position-overlay  envira-gallery-bottom-right\"><\/div><a href=\"https:\/\/edersee-perle.de\/wp-content\/uploads\/2019\/12\/olivin-4.jpg\" class=\"envira-gallery-161 envira-gallery-link\" rel=\"enviragallery161\" title=\"olivin-4\" data-envira-caption=\"olivin-4\" data-envira-retina=\"\" data-thumbnail=\"\"  itemprop=\"contentUrl\"><img decoding=\"async\" id=\"envira-gallery-image-153\" class=\"envira-gallery-image envira-gallery-image-4 envira-normal envira-lazy\" data-envira-index=\"4\" src=\"https:\/\/edersee-perle.de\/wp-content\/uploads\/2019\/12\/olivin-4-640x480.jpg\" data-envira-src=\"https:\/\/edersee-perle.de\/wp-content\/uploads\/2019\/12\/olivin-4-640x480.jpg\" data-envira-gallery-id=\"161\" data-envira-item-id=\"153\" data-envira-caption=\"olivin-4\" alt=\"\" title=\"olivin-4\"  itemprop=\"thumbnailUrl\" data-envira-srcset=\"https:\/\/edersee-perle.de\/wp-content\/uploads\/2019\/12\/olivin-4-640x480.jpg 400w,https:\/\/edersee-perle.de\/wp-content\/uploads\/2019\/12\/olivin-4-640x480.jpg 2x\" data-envira-width=\"300\" data-envira-height=\"169\" srcset=\"data:image\/gif;base64,R0lGODlhAQABAIAAAP\/\/\/\/\/\/\/yH5BAEKAAEALAAAAAABAAEAAAICTAEAOw==\" data-safe-src=\"data:image\/gif;base64,R0lGODlhAQABAIAAAP\/\/\/\/\/\/\/yH5BAEKAAEALAAAAAABAAEAAAICTAEAOw==\" \/><\/a><\/div><\/div><div id=\"envira-gallery-item-154\" class=\"envira-gallery-item enviratope-item envira-gallery-item-5 envira-lazy-load\" style=\"padding-left: 1px; padding-bottom: 1px; padding-right: 1px;\"  itemscope itemtype=\"https:\/\/schema.org\/ImageObject\"><div class=\"envira-gallery-item-inner\"><div class=\"envira-gallery-position-overlay  envira-gallery-top-left\"><\/div><div class=\"envira-gallery-position-overlay  envira-gallery-top-right\"><\/div><div class=\"envira-gallery-position-overlay  envira-gallery-bottom-left\"><\/div><div class=\"envira-gallery-position-overlay  envira-gallery-bottom-right\"><\/div><a href=\"https:\/\/edersee-perle.de\/wp-content\/uploads\/2019\/12\/olivin-5.jpg\" class=\"envira-gallery-161 envira-gallery-link\" rel=\"enviragallery161\" title=\"olivin-5\" data-envira-caption=\"olivin-5\" data-envira-retina=\"\" data-thumbnail=\"\"  itemprop=\"contentUrl\"><img decoding=\"async\" id=\"envira-gallery-image-154\" class=\"envira-gallery-image envira-gallery-image-5 envira-normal envira-lazy\" data-envira-index=\"5\" src=\"https:\/\/edersee-perle.de\/wp-content\/uploads\/2019\/12\/olivin-5-640x480.jpg\" data-envira-src=\"https:\/\/edersee-perle.de\/wp-content\/uploads\/2019\/12\/olivin-5-640x480.jpg\" data-envira-gallery-id=\"161\" data-envira-item-id=\"154\" data-envira-caption=\"olivin-5\" alt=\"\" title=\"olivin-5\"  itemprop=\"thumbnailUrl\" data-envira-srcset=\"https:\/\/edersee-perle.de\/wp-content\/uploads\/2019\/12\/olivin-5-640x480.jpg 400w,https:\/\/edersee-perle.de\/wp-content\/uploads\/2019\/12\/olivin-5-640x480.jpg 2x\" data-envira-width=\"300\" data-envira-height=\"169\" srcset=\"data:image\/gif;base64,R0lGODlhAQABAIAAAP\/\/\/\/\/\/\/yH5BAEKAAEALAAAAAABAAEAAAICTAEAOw==\" data-safe-src=\"data:image\/gif;base64,R0lGODlhAQABAIAAAP\/\/\/\/\/\/\/yH5BAEKAAEALAAAAAABAAEAAAICTAEAOw==\" \/><\/a><\/div><\/div><div id=\"envira-gallery-item-155\" class=\"envira-gallery-item enviratope-item envira-gallery-item-6 envira-lazy-load\" style=\"padding-left: 1px; padding-bottom: 1px; padding-right: 1px;\"  itemscope itemtype=\"https:\/\/schema.org\/ImageObject\"><div class=\"envira-gallery-item-inner\"><div class=\"envira-gallery-position-overlay  envira-gallery-top-left\"><\/div><div class=\"envira-gallery-position-overlay  envira-gallery-top-right\"><\/div><div class=\"envira-gallery-position-overlay  envira-gallery-bottom-left\"><\/div><div class=\"envira-gallery-position-overlay  envira-gallery-bottom-right\"><\/div><a href=\"https:\/\/edersee-perle.de\/wp-content\/uploads\/2019\/12\/olivin-6.jpg\" class=\"envira-gallery-161 envira-gallery-link\" rel=\"enviragallery161\" title=\"olivin-6\" data-envira-caption=\"olivin-6\" data-envira-retina=\"\" data-thumbnail=\"\"  itemprop=\"contentUrl\"><img decoding=\"async\" id=\"envira-gallery-image-155\" class=\"envira-gallery-image envira-gallery-image-6 envira-normal envira-lazy\" data-envira-index=\"6\" src=\"https:\/\/edersee-perle.de\/wp-content\/uploads\/2019\/12\/olivin-6-640x480.jpg\" data-envira-src=\"https:\/\/edersee-perle.de\/wp-content\/uploads\/2019\/12\/olivin-6-640x480.jpg\" data-envira-gallery-id=\"161\" data-envira-item-id=\"155\" data-envira-caption=\"olivin-6\" alt=\"\" title=\"olivin-6\"  itemprop=\"thumbnailUrl\" data-envira-srcset=\"https:\/\/edersee-perle.de\/wp-content\/uploads\/2019\/12\/olivin-6-640x480.jpg 400w,https:\/\/edersee-perle.de\/wp-content\/uploads\/2019\/12\/olivin-6-640x480.jpg 2x\" data-envira-width=\"169\" data-envira-height=\"300\" srcset=\"data:image\/gif;base64,R0lGODlhAQABAIAAAP\/\/\/\/\/\/\/yH5BAEKAAEALAAAAAABAAEAAAICTAEAOw==\" data-safe-src=\"data:image\/gif;base64,R0lGODlhAQABAIAAAP\/\/\/\/\/\/\/yH5BAEKAAEALAAAAAABAAEAAAICTAEAOw==\" \/><\/a><\/div><\/div><div id=\"envira-gallery-item-156\" class=\"envira-gallery-item enviratope-item envira-gallery-item-7 envira-lazy-load\" style=\"padding-left: 1px; padding-bottom: 1px; padding-right: 1px;\"  itemscope itemtype=\"https:\/\/schema.org\/ImageObject\"><div class=\"envira-gallery-item-inner\"><div class=\"envira-gallery-position-overlay  envira-gallery-top-left\"><\/div><div class=\"envira-gallery-position-overlay  envira-gallery-top-right\"><\/div><div class=\"envira-gallery-position-overlay  envira-gallery-bottom-left\"><\/div><div class=\"envira-gallery-position-overlay  envira-gallery-bottom-right\"><\/div><a href=\"https:\/\/edersee-perle.de\/wp-content\/uploads\/2019\/12\/olivin-7.jpg\" class=\"envira-gallery-161 envira-gallery-link\" rel=\"enviragallery161\" title=\"olivin-7\" data-envira-caption=\"olivin-7\" data-envira-retina=\"\" data-thumbnail=\"\"  itemprop=\"contentUrl\"><img decoding=\"async\" id=\"envira-gallery-image-156\" class=\"envira-gallery-image envira-gallery-image-7 envira-normal envira-lazy\" data-envira-index=\"7\" src=\"https:\/\/edersee-perle.de\/wp-content\/uploads\/2019\/12\/olivin-7-640x480.jpg\" data-envira-src=\"https:\/\/edersee-perle.de\/wp-content\/uploads\/2019\/12\/olivin-7-640x480.jpg\" data-envira-gallery-id=\"161\" data-envira-item-id=\"156\" data-envira-caption=\"olivin-7\" alt=\"\" title=\"olivin-7\"  itemprop=\"thumbnailUrl\" data-envira-srcset=\"https:\/\/edersee-perle.de\/wp-content\/uploads\/2019\/12\/olivin-7-640x480.jpg 400w,https:\/\/edersee-perle.de\/wp-content\/uploads\/2019\/12\/olivin-7-640x480.jpg 2x\" data-envira-width=\"300\" data-envira-height=\"169\" srcset=\"data:image\/gif;base64,R0lGODlhAQABAIAAAP\/\/\/\/\/\/\/yH5BAEKAAEALAAAAAABAAEAAAICTAEAOw==\" data-safe-src=\"data:image\/gif;base64,R0lGODlhAQABAIAAAP\/\/\/\/\/\/\/yH5BAEKAAEALAAAAAABAAEAAAICTAEAOw==\" \/><\/a><\/div><\/div><div id=\"envira-gallery-item-157\" class=\"envira-gallery-item enviratope-item envira-gallery-item-8 envira-lazy-load\" style=\"padding-left: 1px; padding-bottom: 1px; padding-right: 1px;\"  itemscope itemtype=\"https:\/\/schema.org\/ImageObject\"><div class=\"envira-gallery-item-inner\"><div class=\"envira-gallery-position-overlay  envira-gallery-top-left\"><\/div><div class=\"envira-gallery-position-overlay  envira-gallery-top-right\"><\/div><div class=\"envira-gallery-position-overlay  envira-gallery-bottom-left\"><\/div><div class=\"envira-gallery-position-overlay  envira-gallery-bottom-right\"><\/div><a href=\"https:\/\/edersee-perle.de\/wp-content\/uploads\/2019\/12\/olivin-8.jpg\" class=\"envira-gallery-161 envira-gallery-link\" rel=\"enviragallery161\" title=\"olivin-8\" data-envira-caption=\"olivin-8\" data-envira-retina=\"\" data-thumbnail=\"\"  itemprop=\"contentUrl\"><img decoding=\"async\" id=\"envira-gallery-image-157\" class=\"envira-gallery-image envira-gallery-image-8 envira-normal envira-lazy\" data-envira-index=\"8\" src=\"https:\/\/edersee-perle.de\/wp-content\/uploads\/2019\/12\/olivin-8-640x480.jpg\" data-envira-src=\"https:\/\/edersee-perle.de\/wp-content\/uploads\/2019\/12\/olivin-8-640x480.jpg\" data-envira-gallery-id=\"161\" data-envira-item-id=\"157\" data-envira-caption=\"olivin-8\" alt=\"\" title=\"olivin-8\"  itemprop=\"thumbnailUrl\" data-envira-srcset=\"https:\/\/edersee-perle.de\/wp-content\/uploads\/2019\/12\/olivin-8-640x480.jpg 400w,https:\/\/edersee-perle.de\/wp-content\/uploads\/2019\/12\/olivin-8-640x480.jpg 2x\" data-envira-width=\"169\" data-envira-height=\"300\" srcset=\"data:image\/gif;base64,R0lGODlhAQABAIAAAP\/\/\/\/\/\/\/yH5BAEKAAEALAAAAAABAAEAAAICTAEAOw==\" data-safe-src=\"data:image\/gif;base64,R0lGODlhAQABAIAAAP\/\/\/\/\/\/\/yH5BAEKAAEALAAAAAABAAEAAAICTAEAOw==\" \/><\/a><\/div><\/div><div id=\"envira-gallery-item-158\" class=\"envira-gallery-item enviratope-item envira-gallery-item-9 envira-lazy-load\" style=\"padding-left: 1px; padding-bottom: 1px; padding-right: 1px;\"  itemscope itemtype=\"https:\/\/schema.org\/ImageObject\"><div class=\"envira-gallery-item-inner\"><div class=\"envira-gallery-position-overlay  envira-gallery-top-left\"><\/div><div class=\"envira-gallery-position-overlay  envira-gallery-top-right\"><\/div><div class=\"envira-gallery-position-overlay  envira-gallery-bottom-left\"><\/div><div class=\"envira-gallery-position-overlay  envira-gallery-bottom-right\"><\/div><a href=\"https:\/\/edersee-perle.de\/wp-content\/uploads\/2019\/12\/olivin-9.jpg\" class=\"envira-gallery-161 envira-gallery-link\" rel=\"enviragallery161\" title=\"olivin-9\" data-envira-caption=\"olivin-9\" data-envira-retina=\"\" data-thumbnail=\"\"  itemprop=\"contentUrl\"><img decoding=\"async\" id=\"envira-gallery-image-158\" class=\"envira-gallery-image envira-gallery-image-9 envira-normal envira-lazy\" data-envira-index=\"9\" src=\"https:\/\/edersee-perle.de\/wp-content\/uploads\/2019\/12\/olivin-9-640x480.jpg\" data-envira-src=\"https:\/\/edersee-perle.de\/wp-content\/uploads\/2019\/12\/olivin-9-640x480.jpg\" data-envira-gallery-id=\"161\" data-envira-item-id=\"158\" data-envira-caption=\"olivin-9\" alt=\"\" title=\"olivin-9\"  itemprop=\"thumbnailUrl\" data-envira-srcset=\"https:\/\/edersee-perle.de\/wp-content\/uploads\/2019\/12\/olivin-9-640x480.jpg 400w,https:\/\/edersee-perle.de\/wp-content\/uploads\/2019\/12\/olivin-9-640x480.jpg 2x\" data-envira-width=\"300\" data-envira-height=\"169\" srcset=\"data:image\/gif;base64,R0lGODlhAQABAIAAAP\/\/\/\/\/\/\/yH5BAEKAAEALAAAAAABAAEAAAICTAEAOw==\" data-safe-src=\"data:image\/gif;base64,R0lGODlhAQABAIAAAP\/\/\/\/\/\/\/yH5BAEKAAEALAAAAAABAAEAAAICTAEAOw==\" \/><\/a><\/div><\/div><div id=\"envira-gallery-item-159\" class=\"envira-gallery-item enviratope-item envira-gallery-item-10 envira-lazy-load\" style=\"padding-left: 1px; padding-bottom: 1px; padding-right: 1px;\"  itemscope itemtype=\"https:\/\/schema.org\/ImageObject\"><div class=\"envira-gallery-item-inner\"><div class=\"envira-gallery-position-overlay  envira-gallery-top-left\"><\/div><div class=\"envira-gallery-position-overlay  envira-gallery-top-right\"><\/div><div class=\"envira-gallery-position-overlay  envira-gallery-bottom-left\"><\/div><div class=\"envira-gallery-position-overlay  envira-gallery-bottom-right\"><\/div><a href=\"https:\/\/edersee-perle.de\/wp-content\/uploads\/2019\/12\/olivin-11.jpg\" class=\"envira-gallery-161 envira-gallery-link\" rel=\"enviragallery161\" title=\"olivin-11\" data-envira-caption=\"olivin-11\" data-envira-retina=\"\" data-thumbnail=\"\"  itemprop=\"contentUrl\"><img decoding=\"async\" id=\"envira-gallery-image-159\" class=\"envira-gallery-image envira-gallery-image-10 envira-normal envira-lazy\" data-envira-index=\"10\" src=\"https:\/\/edersee-perle.de\/wp-content\/uploads\/2019\/12\/olivin-11-640x480.jpg\" data-envira-src=\"https:\/\/edersee-perle.de\/wp-content\/uploads\/2019\/12\/olivin-11-640x480.jpg\" data-envira-gallery-id=\"161\" data-envira-item-id=\"159\" data-envira-caption=\"olivin-11\" alt=\"\" title=\"olivin-11\"  itemprop=\"thumbnailUrl\" data-envira-srcset=\"https:\/\/edersee-perle.de\/wp-content\/uploads\/2019\/12\/olivin-11-640x480.jpg 400w,https:\/\/edersee-perle.de\/wp-content\/uploads\/2019\/12\/olivin-11-640x480.jpg 2x\" data-envira-width=\"300\" data-envira-height=\"169\" srcset=\"data:image\/gif;base64,R0lGODlhAQABAIAAAP\/\/\/\/\/\/\/yH5BAEKAAEALAAAAAABAAEAAAICTAEAOw==\" data-safe-src=\"data:image\/gif;base64,R0lGODlhAQABAIAAAP\/\/\/\/\/\/\/yH5BAEKAAEALAAAAAABAAEAAAICTAEAOw==\" \/><\/a><\/div><\/div><div id=\"envira-gallery-item-160\" class=\"envira-gallery-item enviratope-item envira-gallery-item-11 envira-lazy-load\" style=\"padding-left: 1px; padding-bottom: 1px; padding-right: 1px;\"  itemscope itemtype=\"https:\/\/schema.org\/ImageObject\"><div class=\"envira-gallery-item-inner\"><div class=\"envira-gallery-position-overlay  envira-gallery-top-left\"><\/div><div class=\"envira-gallery-position-overlay  envira-gallery-top-right\"><\/div><div class=\"envira-gallery-position-overlay  envira-gallery-bottom-left\"><\/div><div class=\"envira-gallery-position-overlay  envira-gallery-bottom-right\"><\/div><a href=\"https:\/\/edersee-perle.de\/wp-content\/uploads\/2019\/12\/olivin10.jpg\" class=\"envira-gallery-161 envira-gallery-link\" rel=\"enviragallery161\" title=\"olivin10\" data-envira-caption=\"olivin10\" data-envira-retina=\"\" data-thumbnail=\"\"  itemprop=\"contentUrl\"><img decoding=\"async\" id=\"envira-gallery-image-160\" class=\"envira-gallery-image envira-gallery-image-11 envira-normal envira-lazy\" data-envira-index=\"11\" src=\"https:\/\/edersee-perle.de\/wp-content\/uploads\/2019\/12\/olivin10-640x480.jpg\" data-envira-src=\"https:\/\/edersee-perle.de\/wp-content\/uploads\/2019\/12\/olivin10-640x480.jpg\" data-envira-gallery-id=\"161\" data-envira-item-id=\"160\" data-envira-caption=\"olivin10\" alt=\"\" title=\"olivin10\"  itemprop=\"thumbnailUrl\" data-envira-srcset=\"https:\/\/edersee-perle.de\/wp-content\/uploads\/2019\/12\/olivin10-640x480.jpg 400w,https:\/\/edersee-perle.de\/wp-content\/uploads\/2019\/12\/olivin10-640x480.jpg 2x\" data-envira-width=\"300\" data-envira-height=\"169\" srcset=\"data:image\/gif;base64,R0lGODlhAQABAIAAAP\/\/\/\/\/\/\/yH5BAEKAAEALAAAAAABAAEAAAICTAEAOw==\" data-safe-src=\"data:image\/gif;base64,R0lGODlhAQABAIAAAP\/\/\/\/\/\/\/yH5BAEKAAEALAAAAAABAAEAAAICTAEAOw==\" \/><\/a><\/div><\/div><\/div><\/div><noscript><img decoding=\"async\" src=\"https:\/\/edersee-perle.de\/wp-content\/uploads\/2019\/12\/olivin-1.jpg\" alt=\"\" \/><img decoding=\"async\" src=\"https:\/\/edersee-perle.de\/wp-content\/uploads\/2019\/12\/olivin-2.jpg\" alt=\"\" \/><img decoding=\"async\" src=\"https:\/\/edersee-perle.de\/wp-content\/uploads\/2019\/12\/olivin-3.jpg\" alt=\"\" \/><img decoding=\"async\" src=\"https:\/\/edersee-perle.de\/wp-content\/uploads\/2019\/12\/olivin-4.jpg\" alt=\"\" \/><img decoding=\"async\" src=\"https:\/\/edersee-perle.de\/wp-content\/uploads\/2019\/12\/olivin-5.jpg\" alt=\"\" \/><img decoding=\"async\" src=\"https:\/\/edersee-perle.de\/wp-content\/uploads\/2019\/12\/olivin-6.jpg\" alt=\"\" \/><img decoding=\"async\" src=\"https:\/\/edersee-perle.de\/wp-content\/uploads\/2019\/12\/olivin-7.jpg\" alt=\"\" \/><img decoding=\"async\" src=\"https:\/\/edersee-perle.de\/wp-content\/uploads\/2019\/12\/olivin-8.jpg\" alt=\"\" \/><img decoding=\"async\" src=\"https:\/\/edersee-perle.de\/wp-content\/uploads\/2019\/12\/olivin-9.jpg\" alt=\"\" \/><img decoding=\"async\" src=\"https:\/\/edersee-perle.de\/wp-content\/uploads\/2019\/12\/olivin-11.jpg\" alt=\"\" \/><img decoding=\"async\" src=\"https:\/\/edersee-perle.de\/wp-content\/uploads\/2019\/12\/olivin10.jpg\" alt=\"\" \/><\/noscript><\/div>\n","protected":false},"excerpt":{"rendered":"<p>Ferienwohnung 30 m\u00b2 Personen: 2 Schlafzimmer: 1 Badezimmer: 1 Min. Aufenthalt: 2 N\u00e4chte eine Wohnung f\u00fcr 2 Personen Unsere Ferienwohnung &#8222;Olivin&#8220; ist eine komplett barrierefreie, kuschelige 27m\u00b2 Wohnung f\u00fcr 2 Personen. (Stellen eines Babyreisebettes ist nicht m\u00f6glich) Die Einraumwohnung besteht&hellip; <\/p>\n","protected":false},"author":1,"featured_media":0,"parent":0,"menu_order":0,"comment_status":"closed","ping_status":"closed","template":"","meta":{"footnotes":""},"class_list":["post-13","page","type-page","status-publish","hentry"],"_links":{"self":[{"href":"https:\/\/edersee-perle.de\/index.php?rest_route=\/wp\/v2\/pages\/13","targetHints":{"allow":["GET"]}}],"collection":[{"href":"https:\/\/edersee-perle.de\/index.php?rest_route=\/wp\/v2\/pages"}],"about":[{"href":"https:\/\/edersee-perle.de\/index.php?rest_route=\/wp\/v2\/types\/page"}],"author":[{"embeddable":true,"href":"https:\/\/edersee-perle.de\/index.php?rest_route=\/wp\/v2\/users\/1"}],"replies":[{"embeddable":true,"href":"https:\/\/edersee-perle.de\/index.php?rest_route=%2Fwp%2Fv2%2Fcomments&post=13"}],"version-history":[{"count":3,"href":"https:\/\/edersee-perle.de\/index.php?rest_route=\/wp\/v2\/pages\/13\/revisions"}],"predecessor-version":[{"id":163,"href":"https:\/\/edersee-perle.de\/index.php?rest_route=\/wp\/v2\/pages\/13\/revisions\/163"}],"wp:attachment":[{"href":"https:\/\/edersee-perle.de\/index.php?rest_route=%2Fwp%2Fv2%2Fmedia&parent=13"}],"curies":[{"name":"wp","href":"https:\/\/api.w.org\/{rel}","templated":true}]}}