{"id":15,"date":"2019-08-09T15:17:52","date_gmt":"2019-08-09T15:17:52","guid":{"rendered":"http:\/\/edersee-perle.de\/?page_id=15"},"modified":"2019-12-25T14:49:16","modified_gmt":"2019-12-25T14:49:16","slug":"turmalin","status":"publish","type":"page","link":"https:\/\/edersee-perle.de\/?page_id=15","title":{"rendered":"Turmalin"},"content":{"rendered":"\n<p> Ferienwohnung 40 m\u00b2<\/p>\n\n\n\n<p>Personen: 4<\/p>\n\n\n\n<p>Schlafzimmer: 1<\/p>\n\n\n\n<p>Badezimmer: 1<\/p>\n\n\n\n<p>Min. Aufenthalt: 2 N\u00e4chte <\/p>\n\n\n\n<h3 class=\"wp-block-heading\">mit Fewo Olivin auf 2-4 Schlafpl\u00e4tze, Hund willkommen bitte anmelden (10\u20ac)<\/h3>\n\n\n\n<p>Unsere Ferienwohnung Turmalin (41m\u00b2) besteht aus:<\/p>\n\n\n\n<p>1 Wohn-Schlafzimmer mit Doppelbett, Schrank und Ausziehcouch f\u00fcr 2 Personen, Zugang zur Terrasse mit Tisch und 4 Sitzpl\u00e4tzen.<\/p>\n\n\n\n<p>Ein Grill auf der Gemeinschaftsfl\u00e4che kann genutzt werden.<\/p>\n\n\n\n<p>1 K\u00fcche mit K\u00fcchenzeile, 4-Plattenherd mit Backofen, Kaffeemaschine und Toaster, Essplatz f\u00fcr 4 Personen<\/p>\n\n\n\n<p>kleiner Diele<\/p>\n\n\n\n<p>Bad mit Dusche<\/p>\n\n\n\n<p>In der Fewo Turmalin sind erzogene Hunde willkommen.<\/p>\n\n\n\n<p>Bitte informieren Sie uns, wenn Sie einen Hund mitbringen. Pauschalkosten f\u00fcr einen Hund 10\u20ac<\/p>\n\n\n\n<div class=\"wp-block-envira-envira-gallery\"><div id=\"envira-gallery-wrap-146\" class=\"envira-gallery-wrap envira-gallery-theme-base envira-lightbox-theme-base\" itemscope itemtype=\"https:\/\/schema.org\/ImageGallery\"><div data-row-height=\"\" data-gallery-theme=\"\" id=\"envira-gallery-146\" class=\"envira-gallery-public  envira-gallery-3-columns envira-clear enviratope envira-gallery-css-animations\" data-envira-columns=\"3\"><div id=\"envira-gallery-item-141\" class=\"envira-gallery-item enviratope-item envira-gallery-item-1 envira-lazy-load\" style=\"padding-left: 1px; padding-bottom: 1px; padding-right: 1px;\"  itemscope itemtype=\"https:\/\/schema.org\/ImageObject\"><div class=\"envira-gallery-item-inner\"><div class=\"envira-gallery-position-overlay  envira-gallery-top-left\"><\/div><div class=\"envira-gallery-position-overlay  envira-gallery-top-right\"><\/div><div class=\"envira-gallery-position-overlay  envira-gallery-bottom-left\"><\/div><div class=\"envira-gallery-position-overlay  envira-gallery-bottom-right\"><\/div><a href=\"https:\/\/edersee-perle.de\/wp-content\/uploads\/2019\/12\/turmalin-8.jpg\" class=\"envira-gallery-146 envira-gallery-link\" rel=\"enviragallery146\" title=\"Wohnzimmer\" data-envira-caption=\"Wohnzimmer\" data-envira-retina=\"\" data-thumbnail=\"\"  itemprop=\"contentUrl\"><div class=\"envira-lazy\" data-test-width=\"640\" data-test-height=\"480\" style=\"padding-bottom:75%;\"><img decoding=\"async\" id=\"envira-gallery-image-141\" class=\"envira-gallery-image envira-gallery-image-1\" data-envira-index=\"1\" src=\"https:\/\/edersee-perle.de\/wp-content\/uploads\/2019\/12\/turmalin-8-640x480.jpg\" data-envira-src=\"https:\/\/edersee-perle.de\/wp-content\/uploads\/2019\/12\/turmalin-8-640x480.jpg\" data-envira-gallery-id=\"146\" data-envira-item-id=\"141\" data-envira-caption=\"Wohnzimmer\" alt=\"\" title=\"Wohnzimmer\"  itemprop=\"thumbnailUrl\" data-envira-srcset=\"https:\/\/edersee-perle.de\/wp-content\/uploads\/2019\/12\/turmalin-8-640x480.jpg 400w,https:\/\/edersee-perle.de\/wp-content\/uploads\/2019\/12\/turmalin-8-640x480.jpg 2x\" srcset=\"data:image\/gif;base64,R0lGODlhAQABAIAAAP\/\/\/\/\/\/\/yH5BAEKAAEALAAAAAABAAEAAAICTAEAOw==\" \/><\/div><\/a><\/div><\/div><div id=\"envira-gallery-item-142\" class=\"envira-gallery-item enviratope-item envira-gallery-item-2 envira-lazy-load\" style=\"padding-left: 1px; padding-bottom: 1px; padding-right: 1px;\"  itemscope itemtype=\"https:\/\/schema.org\/ImageObject\"><div class=\"envira-gallery-item-inner\"><div class=\"envira-gallery-position-overlay  envira-gallery-top-left\"><\/div><div class=\"envira-gallery-position-overlay  envira-gallery-top-right\"><\/div><div class=\"envira-gallery-position-overlay  envira-gallery-bottom-left\"><\/div><div class=\"envira-gallery-position-overlay  envira-gallery-bottom-right\"><\/div><a href=\"https:\/\/edersee-perle.de\/wp-content\/uploads\/2019\/12\/turmalin-9.jpg\" class=\"envira-gallery-146 envira-gallery-link\" rel=\"enviragallery146\" title=\"Wohnzimmer\" data-envira-caption=\"Wohnzimmer\" data-envira-retina=\"\" data-thumbnail=\"\"  itemprop=\"contentUrl\"><div class=\"envira-lazy\" data-test-width=\"640\" data-test-height=\"480\" style=\"padding-bottom:75%;\"><img decoding=\"async\" id=\"envira-gallery-image-142\" class=\"envira-gallery-image envira-gallery-image-2\" data-envira-index=\"2\" src=\"https:\/\/edersee-perle.de\/wp-content\/uploads\/2019\/12\/turmalin-9-640x480.jpg\" data-envira-src=\"https:\/\/edersee-perle.de\/wp-content\/uploads\/2019\/12\/turmalin-9-640x480.jpg\" data-envira-gallery-id=\"146\" data-envira-item-id=\"142\" data-envira-caption=\"Wohnzimmer\" alt=\"\" title=\"Wohnzimmer\"  itemprop=\"thumbnailUrl\" data-envira-srcset=\"https:\/\/edersee-perle.de\/wp-content\/uploads\/2019\/12\/turmalin-9-640x480.jpg 400w,https:\/\/edersee-perle.de\/wp-content\/uploads\/2019\/12\/turmalin-9-640x480.jpg 2x\" srcset=\"data:image\/gif;base64,R0lGODlhAQABAIAAAP\/\/\/\/\/\/\/yH5BAEKAAEALAAAAAABAAEAAAICTAEAOw==\" \/><\/div><\/a><\/div><\/div><div id=\"envira-gallery-item-145\" class=\"envira-gallery-item enviratope-item envira-gallery-item-3 envira-lazy-load\" style=\"padding-left: 1px; padding-bottom: 1px; padding-right: 1px;\"  itemscope itemtype=\"https:\/\/schema.org\/ImageObject\"><div class=\"envira-gallery-item-inner\"><div class=\"envira-gallery-position-overlay  envira-gallery-top-left\"><\/div><div class=\"envira-gallery-position-overlay  envira-gallery-top-right\"><\/div><div class=\"envira-gallery-position-overlay  envira-gallery-bottom-left\"><\/div><div class=\"envira-gallery-position-overlay  envira-gallery-bottom-right\"><\/div><a href=\"https:\/\/edersee-perle.de\/wp-content\/uploads\/2019\/12\/turmalin7.jpg\" class=\"envira-gallery-146 envira-gallery-link\" rel=\"enviragallery146\" title=\"Schlafzimmer\" data-envira-caption=\"Schlafzimmer\" data-envira-retina=\"\" data-thumbnail=\"\"  itemprop=\"contentUrl\"><div class=\"envira-lazy\" data-test-width=\"640\" data-test-height=\"480\" style=\"padding-bottom:75%;\"><img decoding=\"async\" id=\"envira-gallery-image-145\" class=\"envira-gallery-image envira-gallery-image-3\" data-envira-index=\"3\" src=\"https:\/\/edersee-perle.de\/wp-content\/uploads\/2019\/12\/turmalin7-640x480.jpg\" data-envira-src=\"https:\/\/edersee-perle.de\/wp-content\/uploads\/2019\/12\/turmalin7-640x480.jpg\" data-envira-gallery-id=\"146\" data-envira-item-id=\"145\" data-envira-caption=\"Schlafzimmer\" alt=\"\" title=\"Schlafzimmer\"  itemprop=\"thumbnailUrl\" data-envira-srcset=\"https:\/\/edersee-perle.de\/wp-content\/uploads\/2019\/12\/turmalin7-640x480.jpg 400w,https:\/\/edersee-perle.de\/wp-content\/uploads\/2019\/12\/turmalin7-640x480.jpg 2x\" srcset=\"data:image\/gif;base64,R0lGODlhAQABAIAAAP\/\/\/\/\/\/\/yH5BAEKAAEALAAAAAABAAEAAAICTAEAOw==\" \/><\/div><\/a><\/div><\/div><div id=\"envira-gallery-item-140\" class=\"envira-gallery-item enviratope-item envira-gallery-item-4 envira-lazy-load\" style=\"padding-left: 1px; padding-bottom: 1px; padding-right: 1px;\"  itemscope itemtype=\"https:\/\/schema.org\/ImageObject\"><div class=\"envira-gallery-item-inner\"><div class=\"envira-gallery-position-overlay  envira-gallery-top-left\"><\/div><div class=\"envira-gallery-position-overlay  envira-gallery-top-right\"><\/div><div class=\"envira-gallery-position-overlay  envira-gallery-bottom-left\"><\/div><div class=\"envira-gallery-position-overlay  envira-gallery-bottom-right\"><\/div><a href=\"https:\/\/edersee-perle.de\/wp-content\/uploads\/2019\/12\/turmalin-6.jpg\" class=\"envira-gallery-146 envira-gallery-link\" rel=\"enviragallery146\" title=\"K&uuml;che\" data-envira-caption=\"K&uuml;che\" data-envira-retina=\"\" data-thumbnail=\"\"  itemprop=\"contentUrl\"><div class=\"envira-lazy\" data-test-width=\"640\" data-test-height=\"480\" style=\"padding-bottom:75%;\"><img decoding=\"async\" id=\"envira-gallery-image-140\" class=\"envira-gallery-image envira-gallery-image-4\" data-envira-index=\"4\" src=\"https:\/\/edersee-perle.de\/wp-content\/uploads\/2019\/12\/turmalin-6-640x480.jpg\" data-envira-src=\"https:\/\/edersee-perle.de\/wp-content\/uploads\/2019\/12\/turmalin-6-640x480.jpg\" data-envira-gallery-id=\"146\" data-envira-item-id=\"140\" data-envira-caption=\"K&uuml;che\" alt=\"\" title=\"K&amp;uuml;che\"  itemprop=\"thumbnailUrl\" data-envira-srcset=\"https:\/\/edersee-perle.de\/wp-content\/uploads\/2019\/12\/turmalin-6-640x480.jpg 400w,https:\/\/edersee-perle.de\/wp-content\/uploads\/2019\/12\/turmalin-6-640x480.jpg 2x\" srcset=\"data:image\/gif;base64,R0lGODlhAQABAIAAAP\/\/\/\/\/\/\/yH5BAEKAAEALAAAAAABAAEAAAICTAEAOw==\" \/><\/div><\/a><\/div><\/div><div id=\"envira-gallery-item-139\" class=\"envira-gallery-item enviratope-item envira-gallery-item-5 envira-lazy-load\" style=\"padding-left: 1px; padding-bottom: 1px; padding-right: 1px;\"  itemscope itemtype=\"https:\/\/schema.org\/ImageObject\"><div class=\"envira-gallery-item-inner\"><div class=\"envira-gallery-position-overlay  envira-gallery-top-left\"><\/div><div class=\"envira-gallery-position-overlay  envira-gallery-top-right\"><\/div><div class=\"envira-gallery-position-overlay  envira-gallery-bottom-left\"><\/div><div class=\"envira-gallery-position-overlay  envira-gallery-bottom-right\"><\/div><a href=\"https:\/\/edersee-perle.de\/wp-content\/uploads\/2019\/12\/turmalin-5.jpg\" class=\"envira-gallery-146 envira-gallery-link\" rel=\"enviragallery146\" title=\"Bad\" data-envira-caption=\"Bad\" data-envira-retina=\"\" data-thumbnail=\"\"  itemprop=\"contentUrl\"><div class=\"envira-lazy\" data-test-width=\"640\" data-test-height=\"480\" style=\"padding-bottom:75%;\"><img decoding=\"async\" id=\"envira-gallery-image-139\" class=\"envira-gallery-image envira-gallery-image-5\" data-envira-index=\"5\" src=\"https:\/\/edersee-perle.de\/wp-content\/uploads\/2019\/12\/turmalin-5-640x480.jpg\" data-envira-src=\"https:\/\/edersee-perle.de\/wp-content\/uploads\/2019\/12\/turmalin-5-640x480.jpg\" data-envira-gallery-id=\"146\" data-envira-item-id=\"139\" data-envira-caption=\"Bad\" alt=\"\" title=\"Bad\"  itemprop=\"thumbnailUrl\" data-envira-srcset=\"https:\/\/edersee-perle.de\/wp-content\/uploads\/2019\/12\/turmalin-5-640x480.jpg 400w,https:\/\/edersee-perle.de\/wp-content\/uploads\/2019\/12\/turmalin-5-640x480.jpg 2x\" srcset=\"data:image\/gif;base64,R0lGODlhAQABAIAAAP\/\/\/\/\/\/\/yH5BAEKAAEALAAAAAABAAEAAAICTAEAOw==\" \/><\/div><\/a><\/div><\/div><div id=\"envira-gallery-item-137\" class=\"envira-gallery-item enviratope-item envira-gallery-item-6 envira-lazy-load\" style=\"padding-left: 1px; padding-bottom: 1px; padding-right: 1px;\"  itemscope itemtype=\"https:\/\/schema.org\/ImageObject\"><div class=\"envira-gallery-item-inner\"><div class=\"envira-gallery-position-overlay  envira-gallery-top-left\"><\/div><div class=\"envira-gallery-position-overlay  envira-gallery-top-right\"><\/div><div class=\"envira-gallery-position-overlay  envira-gallery-bottom-left\"><\/div><div class=\"envira-gallery-position-overlay  envira-gallery-bottom-right\"><\/div><a href=\"https:\/\/edersee-perle.de\/wp-content\/uploads\/2019\/12\/turmalin-3.jpg\" class=\"envira-gallery-146 envira-gallery-link\" rel=\"enviragallery146\" title=\"Terrasse\" data-envira-caption=\"Terrasse\" data-envira-retina=\"\" data-thumbnail=\"\"  itemprop=\"contentUrl\"><div class=\"envira-lazy\" data-test-width=\"640\" data-test-height=\"480\" style=\"padding-bottom:75%;\"><img decoding=\"async\" id=\"envira-gallery-image-137\" class=\"envira-gallery-image envira-gallery-image-6\" data-envira-index=\"6\" src=\"https:\/\/edersee-perle.de\/wp-content\/uploads\/2019\/12\/turmalin-3-640x480.jpg\" data-envira-src=\"https:\/\/edersee-perle.de\/wp-content\/uploads\/2019\/12\/turmalin-3-640x480.jpg\" data-envira-gallery-id=\"146\" data-envira-item-id=\"137\" data-envira-caption=\"Terrasse\" alt=\"\" title=\"Terrasse\"  itemprop=\"thumbnailUrl\" data-envira-srcset=\"https:\/\/edersee-perle.de\/wp-content\/uploads\/2019\/12\/turmalin-3-640x480.jpg 400w,https:\/\/edersee-perle.de\/wp-content\/uploads\/2019\/12\/turmalin-3-640x480.jpg 2x\" srcset=\"data:image\/gif;base64,R0lGODlhAQABAIAAAP\/\/\/\/\/\/\/yH5BAEKAAEALAAAAAABAAEAAAICTAEAOw==\" \/><\/div><\/a><\/div><\/div><div id=\"envira-gallery-item-138\" class=\"envira-gallery-item enviratope-item envira-gallery-item-7 envira-lazy-load\" style=\"padding-left: 1px; padding-bottom: 1px; padding-right: 1px;\"  itemscope itemtype=\"https:\/\/schema.org\/ImageObject\"><div class=\"envira-gallery-item-inner\"><div class=\"envira-gallery-position-overlay  envira-gallery-top-left\"><\/div><div class=\"envira-gallery-position-overlay  envira-gallery-top-right\"><\/div><div class=\"envira-gallery-position-overlay  envira-gallery-bottom-left\"><\/div><div class=\"envira-gallery-position-overlay  envira-gallery-bottom-right\"><\/div><a href=\"https:\/\/edersee-perle.de\/wp-content\/uploads\/2019\/12\/turmalin-4.jpg\" class=\"envira-gallery-146 envira-gallery-link\" rel=\"enviragallery146\" title=\"Terrasse\" data-envira-caption=\"Terrasse\" data-envira-retina=\"\" data-thumbnail=\"\"  itemprop=\"contentUrl\"><div class=\"envira-lazy\" data-test-width=\"640\" data-test-height=\"480\" style=\"padding-bottom:75%;\"><img decoding=\"async\" id=\"envira-gallery-image-138\" class=\"envira-gallery-image envira-gallery-image-7\" data-envira-index=\"7\" src=\"https:\/\/edersee-perle.de\/wp-content\/uploads\/2019\/12\/turmalin-4-640x480.jpg\" data-envira-src=\"https:\/\/edersee-perle.de\/wp-content\/uploads\/2019\/12\/turmalin-4-640x480.jpg\" data-envira-gallery-id=\"146\" data-envira-item-id=\"138\" data-envira-caption=\"Terrasse\" alt=\"\" title=\"Terrasse\"  itemprop=\"thumbnailUrl\" data-envira-srcset=\"https:\/\/edersee-perle.de\/wp-content\/uploads\/2019\/12\/turmalin-4-640x480.jpg 400w,https:\/\/edersee-perle.de\/wp-content\/uploads\/2019\/12\/turmalin-4-640x480.jpg 2x\" srcset=\"data:image\/gif;base64,R0lGODlhAQABAIAAAP\/\/\/\/\/\/\/yH5BAEKAAEALAAAAAABAAEAAAICTAEAOw==\" \/><\/div><\/a><\/div><\/div><div id=\"envira-gallery-item-144\" class=\"envira-gallery-item enviratope-item envira-gallery-item-8 envira-lazy-load\" style=\"padding-left: 1px; padding-bottom: 1px; padding-right: 1px;\"  itemscope itemtype=\"https:\/\/schema.org\/ImageObject\"><div class=\"envira-gallery-item-inner\"><div class=\"envira-gallery-position-overlay  envira-gallery-top-left\"><\/div><div class=\"envira-gallery-position-overlay  envira-gallery-top-right\"><\/div><div class=\"envira-gallery-position-overlay  envira-gallery-bottom-left\"><\/div><div class=\"envira-gallery-position-overlay  envira-gallery-bottom-right\"><\/div><a href=\"https:\/\/edersee-perle.de\/wp-content\/uploads\/2019\/12\/turmalin2.jpg\" class=\"envira-gallery-146 envira-gallery-link\" rel=\"enviragallery146\" title=\"\" data-envira-caption=\"\" data-envira-retina=\"\" data-thumbnail=\"\"  itemprop=\"contentUrl\"><div class=\"envira-lazy\" data-test-width=\"640\" data-test-height=\"480\" style=\"padding-bottom:75%;\"><img decoding=\"async\" id=\"envira-gallery-image-144\" class=\"envira-gallery-image envira-gallery-image-8\" data-envira-index=\"8\" src=\"https:\/\/edersee-perle.de\/wp-content\/uploads\/2019\/12\/turmalin2-640x480.jpg\" data-envira-src=\"https:\/\/edersee-perle.de\/wp-content\/uploads\/2019\/12\/turmalin2-640x480.jpg\" data-envira-gallery-id=\"146\" data-envira-item-id=\"144\" data-envira-caption=\"\" alt=\"\" title=\"\"  itemprop=\"thumbnailUrl\" data-envira-srcset=\"https:\/\/edersee-perle.de\/wp-content\/uploads\/2019\/12\/turmalin2-640x480.jpg 400w,https:\/\/edersee-perle.de\/wp-content\/uploads\/2019\/12\/turmalin2-640x480.jpg 2x\" srcset=\"data:image\/gif;base64,R0lGODlhAQABAIAAAP\/\/\/\/\/\/\/yH5BAEKAAEALAAAAAABAAEAAAICTAEAOw==\" \/><\/div><\/a><\/div><\/div><div id=\"envira-gallery-item-143\" class=\"envira-gallery-item enviratope-item envira-gallery-item-9 envira-lazy-load\" style=\"padding-left: 1px; padding-bottom: 1px; padding-right: 1px;\"  itemscope itemtype=\"https:\/\/schema.org\/ImageObject\"><div class=\"envira-gallery-item-inner\"><div class=\"envira-gallery-position-overlay  envira-gallery-top-left\"><\/div><div class=\"envira-gallery-position-overlay  envira-gallery-top-right\"><\/div><div class=\"envira-gallery-position-overlay  envira-gallery-bottom-left\"><\/div><div class=\"envira-gallery-position-overlay  envira-gallery-bottom-right\"><\/div><a href=\"https:\/\/edersee-perle.de\/wp-content\/uploads\/2019\/12\/turmalin1.jpg\" class=\"envira-gallery-146 envira-gallery-link\" rel=\"enviragallery146\" title=\"Grundriss\" data-envira-caption=\"Grundriss\" data-envira-retina=\"\" data-thumbnail=\"\"  itemprop=\"contentUrl\"><div class=\"envira-lazy\" data-test-width=\"640\" data-test-height=\"480\" style=\"padding-bottom:75%;\"><img decoding=\"async\" id=\"envira-gallery-image-143\" class=\"envira-gallery-image envira-gallery-image-9\" data-envira-index=\"9\" src=\"https:\/\/edersee-perle.de\/wp-content\/uploads\/2019\/12\/turmalin1-640x480.jpg\" data-envira-src=\"https:\/\/edersee-perle.de\/wp-content\/uploads\/2019\/12\/turmalin1-640x480.jpg\" data-envira-gallery-id=\"146\" data-envira-item-id=\"143\" data-envira-caption=\"Grundriss\" alt=\"\" title=\"Grundriss\"  itemprop=\"thumbnailUrl\" data-envira-srcset=\"https:\/\/edersee-perle.de\/wp-content\/uploads\/2019\/12\/turmalin1-640x480.jpg 400w,https:\/\/edersee-perle.de\/wp-content\/uploads\/2019\/12\/turmalin1-640x480.jpg 2x\" srcset=\"data:image\/gif;base64,R0lGODlhAQABAIAAAP\/\/\/\/\/\/\/yH5BAEKAAEALAAAAAABAAEAAAICTAEAOw==\" \/><\/div><\/a><\/div><\/div><\/div><\/div><noscript><img decoding=\"async\" src=\"https:\/\/edersee-perle.de\/wp-content\/uploads\/2019\/12\/turmalin-8.jpg\" alt=\"\" \/><img decoding=\"async\" src=\"https:\/\/edersee-perle.de\/wp-content\/uploads\/2019\/12\/turmalin-9.jpg\" alt=\"\" \/><img decoding=\"async\" src=\"https:\/\/edersee-perle.de\/wp-content\/uploads\/2019\/12\/turmalin7.jpg\" alt=\"\" \/><img decoding=\"async\" src=\"https:\/\/edersee-perle.de\/wp-content\/uploads\/2019\/12\/turmalin-6.jpg\" alt=\"\" \/><img decoding=\"async\" src=\"https:\/\/edersee-perle.de\/wp-content\/uploads\/2019\/12\/turmalin-5.jpg\" alt=\"\" \/><img decoding=\"async\" src=\"https:\/\/edersee-perle.de\/wp-content\/uploads\/2019\/12\/turmalin-3.jpg\" alt=\"\" \/><img decoding=\"async\" src=\"https:\/\/edersee-perle.de\/wp-content\/uploads\/2019\/12\/turmalin-4.jpg\" alt=\"\" \/><img decoding=\"async\" src=\"https:\/\/edersee-perle.de\/wp-content\/uploads\/2019\/12\/turmalin2.jpg\" alt=\"\" \/><img decoding=\"async\" src=\"https:\/\/edersee-perle.de\/wp-content\/uploads\/2019\/12\/turmalin1.jpg\" alt=\"\" \/><\/noscript><\/div>\n","protected":false},"excerpt":{"rendered":"<p>Ferienwohnung 40 m\u00b2 Personen: 4 Schlafzimmer: 1 Badezimmer: 1 Min. Aufenthalt: 2 N\u00e4chte mit Fewo Olivin auf 2-4 Schlafpl\u00e4tze, Hund willkommen bitte anmelden (10\u20ac) Unsere Ferienwohnung Turmalin (41m\u00b2) besteht aus: 1 Wohn-Schlafzimmer mit Doppelbett, Schrank und Ausziehcouch f\u00fcr 2 Personen,&hellip; <\/p>\n","protected":false},"author":1,"featured_media":0,"parent":0,"menu_order":0,"comment_status":"closed","ping_status":"closed","template":"","meta":{"footnotes":""},"class_list":["post-15","page","type-page","status-publish","hentry"],"_links":{"self":[{"href":"https:\/\/edersee-perle.de\/index.php?rest_route=\/wp\/v2\/pages\/15","targetHints":{"allow":["GET"]}}],"collection":[{"href":"https:\/\/edersee-perle.de\/index.php?rest_route=\/wp\/v2\/pages"}],"about":[{"href":"https:\/\/edersee-perle.de\/index.php?rest_route=\/wp\/v2\/types\/page"}],"author":[{"embeddable":true,"href":"https:\/\/edersee-perle.de\/index.php?rest_route=\/wp\/v2\/users\/1"}],"replies":[{"embeddable":true,"href":"https:\/\/edersee-perle.de\/index.php?rest_route=%2Fwp%2Fv2%2Fcomments&post=15"}],"version-history":[{"count":4,"href":"https:\/\/edersee-perle.de\/index.php?rest_route=\/wp\/v2\/pages\/15\/revisions"}],"predecessor-version":[{"id":179,"href":"https:\/\/edersee-perle.de\/index.php?rest_route=\/wp\/v2\/pages\/15\/revisions\/179"}],"wp:attachment":[{"href":"https:\/\/edersee-perle.de\/index.php?rest_route=%2Fwp%2Fv2%2Fmedia&parent=15"}],"curies":[{"name":"wp","href":"https:\/\/api.w.org\/{rel}","templated":true}]}}