{"id":17,"date":"2019-08-09T15:18:06","date_gmt":"2019-08-09T15:18:06","guid":{"rendered":"http:\/\/edersee-perle.de\/?page_id=17"},"modified":"2019-12-13T14:50:50","modified_gmt":"2019-12-13T14:50:50","slug":"aquamarin","status":"publish","type":"page","link":"https:\/\/edersee-perle.de\/?page_id=17","title":{"rendered":"Aquamarin"},"content":{"rendered":"\n<div class=\"wp-block-group\"><div class=\"wp-block-group__inner-container is-layout-flow wp-block-group-is-layout-flow\">\n<p>Ferienhaus 85 m\u00b2<\/p>\n\n\n\n<p>Personen: 3<\/p>\n\n\n\n<p>Schlafzimmer: 2<\/p>\n\n\n\n<p>Badezimmer: 1<\/p>\n\n\n\n<p>Min. Aufenthalt: 2 N\u00e4chte <\/p>\n\n\n\n<p>f\u00fcr Menschen ab 12 Jahren<\/p>\n<\/div><\/div>\n\n\n\n<h3 class=\"wp-block-heading\"> Urlaub mit Weitblick am Wander-,Wassersport und Anglerparadies- Aquamarin <\/h3>\n\n\n\n<p>Die gro\u00dfz\u00fcgige Ferienwohnung mit traumhaftem, gro\u00dfen Balkon ( 27m\u00b2) und einem tollen Blick auf den See, befindet sich auf der Halbinsel Scheid. Sie liegt ruhig in einer Stichstra\u00dfe ca. 80m vom See entfernt.<\/p>\n\n\n\n<p>Die Wohnung mit teilweise hochwertiger Ausstattung und  85m\u00b2 Grundfl\u00e4che bietet Platz f\u00fcr 3 Personen. ( 3.Person + 10\u20ac t\u00e4gl.)<\/p>\n\n\n\n<p>Ein Parkplatz ist vor dem Haus vorhanden.<\/p>\n\n\n\n<p>Es ist eine Nichtraucherwohnung und das Mitbringen von Tieren ist nicht erw\u00fcnscht.<\/p>\n\n\n\n<p>Wegen der zum Teil hochwertigen Ausstattung sind Menschen ab 12 Jahre willkommen.<\/p>\n\n\n\n<p>Ein Schlafzimmer mit Doppelbett( 1,80&#215;2,00), Dachschr\u00e4ge, <\/p>\n\n\n\n<p>ein Einzelzimmer ( Bett 120&#215;2,00) Dachschr\u00e4ge, <\/p>\n\n\n\n<p>ein gro\u00dfes Wohnzimmer mit gro\u00dfem Tisch und gem\u00fctlicher Sitzecke und Kamin, (bitte Holz selbst mitbringen, kann auch im Supermarkt in Sachsenhausen, 7km erworben werden!) <\/p>\n\n\n\n<p>eine  offene K\u00fcche komplett ausgestattet mit 4-Platten Herd, Backofen, Sp\u00fclmaschine, Kaffeemaschine ,<\/p>\n\n\n\n<p>eine Bad mit Dusche, WC<\/p>\n\n\n\n<p>In der Wohnung befindet sich ein abgeschlossener Raum des Eigent\u00fcmers.<\/p>\n\n\n\n<p>Weiteres:<\/p>\n\n\n\n<p>&#8211; Im Mietpreis sind Strom, Wasserkosten und M\u00fcllgeb\u00fchren enthalten<\/p>\n\n\n\n<p>&#8211; Kurtaxe wird extra erhoben<\/p>\n\n\n\n<p>&#8211; Bettw\u00e4sche, Hand- u Duscht\u00fccher sowie K\u00fcchenw\u00e4sche sind im Preis enthalten<\/p>\n\n\n\n<p>&#8211; Anreise nach telefonischer Vereinbarung. Bitte Ihre Handynummer \/ Festnetz bei Buchung gleich angeben<\/p>\n\n\n\n<p>&#8211; Am Abreisetag bitten wir die Wohnung bis 11 Uhr  zu  verlassen<\/p>\n\n\n\n<div class=\"wp-block-envira-envira-gallery\"><div id=\"envira-gallery-wrap-126\" class=\"envira-gallery-wrap envira-gallery-theme-base envira-lightbox-theme-base\" itemscope itemtype=\"https:\/\/schema.org\/ImageGallery\"><div data-row-height=\"\" data-gallery-theme=\"\" id=\"envira-gallery-126\" class=\"envira-gallery-public  envira-gallery-3-columns envira-clear enviratope envira-gallery-css-animations\" data-envira-columns=\"3\"><div id=\"envira-gallery-item-118\" class=\"envira-gallery-item enviratope-item envira-gallery-item-1 envira-lazy-load\" style=\"padding-left: 3px; padding-bottom: 5px; padding-right: 3px;\"  itemscope itemtype=\"https:\/\/schema.org\/ImageObject\"><div class=\"envira-gallery-item-inner\"><div class=\"envira-gallery-position-overlay  envira-gallery-top-left\"><\/div><div class=\"envira-gallery-position-overlay  envira-gallery-top-right\"><\/div><div class=\"envira-gallery-position-overlay  envira-gallery-bottom-left\"><\/div><div class=\"envira-gallery-position-overlay  envira-gallery-bottom-right\"><\/div><a href=\"http:\/\/edersee-perle.de\/wp-content\/uploads\/2019\/12\/aquamarin-1-2.jpg\" class=\"envira-gallery-126 envira-gallery-link\" rel=\"enviragallery126\" title=\"Wohnzimmer\" data-envira-caption=\"Wohnzimmer\" data-envira-retina=\"\" data-thumbnail=\"\"  itemprop=\"contentUrl\"><div class=\"envira-lazy\" data-test-width=\"640\" data-test-height=\"480\" style=\"padding-bottom:75%;\"><img decoding=\"async\" id=\"envira-gallery-image-118\" class=\"envira-gallery-image envira-gallery-image-1\" data-envira-index=\"1\" src=\"https:\/\/edersee-perle.de\/wp-content\/uploads\/2019\/12\/aquamarin-1-2-640x480.jpg\" data-envira-src=\"https:\/\/edersee-perle.de\/wp-content\/uploads\/2019\/12\/aquamarin-1-2-640x480.jpg\" data-envira-gallery-id=\"126\" data-envira-item-id=\"118\" data-envira-caption=\"Wohnzimmer\" alt=\"\" title=\"Wohnzimmer\"  itemprop=\"thumbnailUrl\" data-envira-srcset=\"https:\/\/edersee-perle.de\/wp-content\/uploads\/2019\/12\/aquamarin-1-2-640x480.jpg 400w,https:\/\/edersee-perle.de\/wp-content\/uploads\/2019\/12\/aquamarin-1-2-640x480.jpg 2x\" srcset=\"data:image\/gif;base64,R0lGODlhAQABAIAAAP\/\/\/\/\/\/\/yH5BAEKAAEALAAAAAABAAEAAAICTAEAOw==\" \/><\/div><\/a><\/div><\/div><div id=\"envira-gallery-item-119\" class=\"envira-gallery-item enviratope-item envira-gallery-item-2 envira-lazy-load\" style=\"padding-left: 3px; padding-bottom: 5px; padding-right: 3px;\"  itemscope itemtype=\"https:\/\/schema.org\/ImageObject\"><div class=\"envira-gallery-item-inner\"><div class=\"envira-gallery-position-overlay  envira-gallery-top-left\"><\/div><div class=\"envira-gallery-position-overlay  envira-gallery-top-right\"><\/div><div class=\"envira-gallery-position-overlay  envira-gallery-bottom-left\"><\/div><div class=\"envira-gallery-position-overlay  envira-gallery-bottom-right\"><\/div><a href=\"http:\/\/edersee-perle.de\/wp-content\/uploads\/2019\/12\/aquamarin-2-2.jpg\" class=\"envira-gallery-126 envira-gallery-link\" rel=\"enviragallery126\" title=\"\" data-envira-caption=\"\" data-envira-retina=\"\" data-thumbnail=\"\"  itemprop=\"contentUrl\"><div class=\"envira-lazy\" data-test-width=\"640\" data-test-height=\"480\" style=\"padding-bottom:75%;\"><img decoding=\"async\" id=\"envira-gallery-image-119\" class=\"envira-gallery-image envira-gallery-image-2\" data-envira-index=\"2\" src=\"https:\/\/edersee-perle.de\/wp-content\/uploads\/2019\/12\/aquamarin-2-2-640x480.jpg\" data-envira-src=\"https:\/\/edersee-perle.de\/wp-content\/uploads\/2019\/12\/aquamarin-2-2-640x480.jpg\" data-envira-gallery-id=\"126\" data-envira-item-id=\"119\" data-envira-caption=\"\" alt=\"\" title=\"\"  itemprop=\"thumbnailUrl\" data-envira-srcset=\"https:\/\/edersee-perle.de\/wp-content\/uploads\/2019\/12\/aquamarin-2-2-640x480.jpg 400w,https:\/\/edersee-perle.de\/wp-content\/uploads\/2019\/12\/aquamarin-2-2-640x480.jpg 2x\" srcset=\"data:image\/gif;base64,R0lGODlhAQABAIAAAP\/\/\/\/\/\/\/yH5BAEKAAEALAAAAAABAAEAAAICTAEAOw==\" \/><\/div><\/a><\/div><\/div><div id=\"envira-gallery-item-120\" class=\"envira-gallery-item enviratope-item envira-gallery-item-3 envira-lazy-load\" style=\"padding-left: 3px; padding-bottom: 5px; padding-right: 3px;\"  itemscope itemtype=\"https:\/\/schema.org\/ImageObject\"><div class=\"envira-gallery-item-inner\"><div class=\"envira-gallery-position-overlay  envira-gallery-top-left\"><\/div><div class=\"envira-gallery-position-overlay  envira-gallery-top-right\"><\/div><div class=\"envira-gallery-position-overlay  envira-gallery-bottom-left\"><\/div><div class=\"envira-gallery-position-overlay  envira-gallery-bottom-right\"><\/div><a href=\"http:\/\/edersee-perle.de\/wp-content\/uploads\/2019\/12\/aquamarin-3-2.jpg\" class=\"envira-gallery-126 envira-gallery-link\" rel=\"enviragallery126\" title=\"\" data-envira-caption=\"\" data-envira-retina=\"\" data-thumbnail=\"\"  itemprop=\"contentUrl\"><div class=\"envira-lazy\" data-test-width=\"640\" data-test-height=\"480\" style=\"padding-bottom:75%;\"><img decoding=\"async\" id=\"envira-gallery-image-120\" class=\"envira-gallery-image envira-gallery-image-3\" data-envira-index=\"3\" src=\"https:\/\/edersee-perle.de\/wp-content\/uploads\/2019\/12\/aquamarin-3-2-640x480.jpg\" data-envira-src=\"https:\/\/edersee-perle.de\/wp-content\/uploads\/2019\/12\/aquamarin-3-2-640x480.jpg\" data-envira-gallery-id=\"126\" data-envira-item-id=\"120\" data-envira-caption=\"\" alt=\"\" title=\"\"  itemprop=\"thumbnailUrl\" data-envira-srcset=\"https:\/\/edersee-perle.de\/wp-content\/uploads\/2019\/12\/aquamarin-3-2-640x480.jpg 400w,https:\/\/edersee-perle.de\/wp-content\/uploads\/2019\/12\/aquamarin-3-2-640x480.jpg 2x\" srcset=\"data:image\/gif;base64,R0lGODlhAQABAIAAAP\/\/\/\/\/\/\/yH5BAEKAAEALAAAAAABAAEAAAICTAEAOw==\" \/><\/div><\/a><\/div><\/div><div id=\"envira-gallery-item-121\" class=\"envira-gallery-item enviratope-item envira-gallery-item-4 envira-lazy-load\" style=\"padding-left: 3px; padding-bottom: 5px; padding-right: 3px;\"  itemscope itemtype=\"https:\/\/schema.org\/ImageObject\"><div class=\"envira-gallery-item-inner\"><div class=\"envira-gallery-position-overlay  envira-gallery-top-left\"><\/div><div class=\"envira-gallery-position-overlay  envira-gallery-top-right\"><\/div><div class=\"envira-gallery-position-overlay  envira-gallery-bottom-left\"><\/div><div class=\"envira-gallery-position-overlay  envira-gallery-bottom-right\"><\/div><a href=\"http:\/\/edersee-perle.de\/wp-content\/uploads\/2019\/12\/aquamarin-4-2.jpg\" class=\"envira-gallery-126 envira-gallery-link\" rel=\"enviragallery126\" title=\"K&uuml;che\" data-envira-caption=\"K&uuml;che\" data-envira-retina=\"\" data-thumbnail=\"\"  itemprop=\"contentUrl\"><div class=\"envira-lazy\" data-test-width=\"640\" data-test-height=\"480\" style=\"padding-bottom:75%;\"><img decoding=\"async\" id=\"envira-gallery-image-121\" class=\"envira-gallery-image envira-gallery-image-4\" data-envira-index=\"4\" src=\"https:\/\/edersee-perle.de\/wp-content\/uploads\/2019\/12\/aquamarin-4-2-640x480.jpg\" data-envira-src=\"https:\/\/edersee-perle.de\/wp-content\/uploads\/2019\/12\/aquamarin-4-2-640x480.jpg\" data-envira-gallery-id=\"126\" data-envira-item-id=\"121\" data-envira-caption=\"K&uuml;che\" alt=\"\" title=\"K&amp;uuml;che\"  itemprop=\"thumbnailUrl\" data-envira-srcset=\"https:\/\/edersee-perle.de\/wp-content\/uploads\/2019\/12\/aquamarin-4-2-640x480.jpg 400w,https:\/\/edersee-perle.de\/wp-content\/uploads\/2019\/12\/aquamarin-4-2-640x480.jpg 2x\" srcset=\"data:image\/gif;base64,R0lGODlhAQABAIAAAP\/\/\/\/\/\/\/yH5BAEKAAEALAAAAAABAAEAAAICTAEAOw==\" \/><\/div><\/a><\/div><\/div><div id=\"envira-gallery-item-122\" class=\"envira-gallery-item enviratope-item envira-gallery-item-5 envira-lazy-load\" style=\"padding-left: 3px; padding-bottom: 5px; padding-right: 3px;\"  itemscope itemtype=\"https:\/\/schema.org\/ImageObject\"><div class=\"envira-gallery-item-inner\"><div class=\"envira-gallery-position-overlay  envira-gallery-top-left\"><\/div><div class=\"envira-gallery-position-overlay  envira-gallery-top-right\"><\/div><div class=\"envira-gallery-position-overlay  envira-gallery-bottom-left\"><\/div><div class=\"envira-gallery-position-overlay  envira-gallery-bottom-right\"><\/div><a href=\"http:\/\/edersee-perle.de\/wp-content\/uploads\/2019\/12\/aquamarin-5-2.jpg\" class=\"envira-gallery-126 envira-gallery-link\" rel=\"enviragallery126\" title=\"\" data-envira-caption=\"\" data-envira-retina=\"\" data-thumbnail=\"\"  itemprop=\"contentUrl\"><div class=\"envira-lazy\" data-test-width=\"640\" data-test-height=\"480\" style=\"padding-bottom:75%;\"><img decoding=\"async\" id=\"envira-gallery-image-122\" class=\"envira-gallery-image envira-gallery-image-5\" data-envira-index=\"5\" src=\"https:\/\/edersee-perle.de\/wp-content\/uploads\/2019\/12\/aquamarin-5-2-640x480.jpg\" data-envira-src=\"https:\/\/edersee-perle.de\/wp-content\/uploads\/2019\/12\/aquamarin-5-2-640x480.jpg\" data-envira-gallery-id=\"126\" data-envira-item-id=\"122\" data-envira-caption=\"\" alt=\"\" title=\"\"  itemprop=\"thumbnailUrl\" data-envira-srcset=\"https:\/\/edersee-perle.de\/wp-content\/uploads\/2019\/12\/aquamarin-5-2-640x480.jpg 400w,https:\/\/edersee-perle.de\/wp-content\/uploads\/2019\/12\/aquamarin-5-2-640x480.jpg 2x\" srcset=\"data:image\/gif;base64,R0lGODlhAQABAIAAAP\/\/\/\/\/\/\/yH5BAEKAAEALAAAAAABAAEAAAICTAEAOw==\" \/><\/div><\/a><\/div><\/div><div id=\"envira-gallery-item-123\" class=\"envira-gallery-item enviratope-item envira-gallery-item-6 envira-lazy-load\" style=\"padding-left: 3px; padding-bottom: 5px; padding-right: 3px;\"  itemscope itemtype=\"https:\/\/schema.org\/ImageObject\"><div class=\"envira-gallery-item-inner\"><div class=\"envira-gallery-position-overlay  envira-gallery-top-left\"><\/div><div class=\"envira-gallery-position-overlay  envira-gallery-top-right\"><\/div><div class=\"envira-gallery-position-overlay  envira-gallery-bottom-left\"><\/div><div class=\"envira-gallery-position-overlay  envira-gallery-bottom-right\"><\/div><a href=\"http:\/\/edersee-perle.de\/wp-content\/uploads\/2019\/12\/aquamarin-6-2.jpg\" class=\"envira-gallery-126 envira-gallery-link\" rel=\"enviragallery126\" title=\"Schlafzimmer\" data-envira-caption=\"Schlafzimmer\" data-envira-retina=\"\" data-thumbnail=\"\"  itemprop=\"contentUrl\"><div class=\"envira-lazy\" data-test-width=\"640\" data-test-height=\"480\" style=\"padding-bottom:75%;\"><img decoding=\"async\" id=\"envira-gallery-image-123\" class=\"envira-gallery-image envira-gallery-image-6\" data-envira-index=\"6\" src=\"https:\/\/edersee-perle.de\/wp-content\/uploads\/2019\/12\/aquamarin-6-2-640x480.jpg\" data-envira-src=\"https:\/\/edersee-perle.de\/wp-content\/uploads\/2019\/12\/aquamarin-6-2-640x480.jpg\" data-envira-gallery-id=\"126\" data-envira-item-id=\"123\" data-envira-caption=\"Schlafzimmer\" alt=\"\" title=\"Schlafzimmer\"  itemprop=\"thumbnailUrl\" data-envira-srcset=\"https:\/\/edersee-perle.de\/wp-content\/uploads\/2019\/12\/aquamarin-6-2-640x480.jpg 400w,https:\/\/edersee-perle.de\/wp-content\/uploads\/2019\/12\/aquamarin-6-2-640x480.jpg 2x\" srcset=\"data:image\/gif;base64,R0lGODlhAQABAIAAAP\/\/\/\/\/\/\/yH5BAEKAAEALAAAAAABAAEAAAICTAEAOw==\" \/><\/div><\/a><\/div><\/div><div id=\"envira-gallery-item-124\" class=\"envira-gallery-item enviratope-item envira-gallery-item-7 envira-lazy-load\" style=\"padding-left: 3px; padding-bottom: 5px; padding-right: 3px;\"  itemscope itemtype=\"https:\/\/schema.org\/ImageObject\"><div class=\"envira-gallery-item-inner\"><div class=\"envira-gallery-position-overlay  envira-gallery-top-left\"><\/div><div class=\"envira-gallery-position-overlay  envira-gallery-top-right\"><\/div><div class=\"envira-gallery-position-overlay  envira-gallery-bottom-left\"><\/div><div class=\"envira-gallery-position-overlay  envira-gallery-bottom-right\"><\/div><a href=\"http:\/\/edersee-perle.de\/wp-content\/uploads\/2019\/12\/aquamarin-7-2.jpg\" class=\"envira-gallery-126 envira-gallery-link\" rel=\"enviragallery126\" title=\"\" data-envira-caption=\"\" data-envira-retina=\"\" data-thumbnail=\"\"  itemprop=\"contentUrl\"><div class=\"envira-lazy\" data-test-width=\"640\" data-test-height=\"480\" style=\"padding-bottom:75%;\"><img decoding=\"async\" id=\"envira-gallery-image-124\" class=\"envira-gallery-image envira-gallery-image-7\" data-envira-index=\"7\" src=\"https:\/\/edersee-perle.de\/wp-content\/uploads\/2019\/12\/aquamarin-7-2-640x480.jpg\" data-envira-src=\"https:\/\/edersee-perle.de\/wp-content\/uploads\/2019\/12\/aquamarin-7-2-640x480.jpg\" data-envira-gallery-id=\"126\" data-envira-item-id=\"124\" data-envira-caption=\"\" alt=\"\" title=\"\"  itemprop=\"thumbnailUrl\" data-envira-srcset=\"https:\/\/edersee-perle.de\/wp-content\/uploads\/2019\/12\/aquamarin-7-2-640x480.jpg 400w,https:\/\/edersee-perle.de\/wp-content\/uploads\/2019\/12\/aquamarin-7-2-640x480.jpg 2x\" srcset=\"data:image\/gif;base64,R0lGODlhAQABAIAAAP\/\/\/\/\/\/\/yH5BAEKAAEALAAAAAABAAEAAAICTAEAOw==\" \/><\/div><\/a><\/div><\/div><div id=\"envira-gallery-item-125\" class=\"envira-gallery-item enviratope-item envira-gallery-item-8 envira-lazy-load\" style=\"padding-left: 3px; padding-bottom: 5px; padding-right: 3px;\"  itemscope itemtype=\"https:\/\/schema.org\/ImageObject\"><div class=\"envira-gallery-item-inner\"><div class=\"envira-gallery-position-overlay  envira-gallery-top-left\"><\/div><div class=\"envira-gallery-position-overlay  envira-gallery-top-right\"><\/div><div class=\"envira-gallery-position-overlay  envira-gallery-bottom-left\"><\/div><div class=\"envira-gallery-position-overlay  envira-gallery-bottom-right\"><\/div><a href=\"http:\/\/edersee-perle.de\/wp-content\/uploads\/2019\/12\/aquamarin-8-2.jpg\" class=\"envira-gallery-126 envira-gallery-link\" rel=\"enviragallery126\" title=\"Terrasse\" data-envira-caption=\"Terrasse\" data-envira-retina=\"\" data-thumbnail=\"\"  itemprop=\"contentUrl\"><div class=\"envira-lazy\" data-test-width=\"640\" data-test-height=\"480\" style=\"padding-bottom:75%;\"><img decoding=\"async\" id=\"envira-gallery-image-125\" class=\"envira-gallery-image envira-gallery-image-8\" data-envira-index=\"8\" src=\"https:\/\/edersee-perle.de\/wp-content\/uploads\/2019\/12\/aquamarin-8-2-640x480.jpg\" data-envira-src=\"https:\/\/edersee-perle.de\/wp-content\/uploads\/2019\/12\/aquamarin-8-2-640x480.jpg\" data-envira-gallery-id=\"126\" data-envira-item-id=\"125\" data-envira-caption=\"Terrasse\" alt=\"\" title=\"Terrasse\"  itemprop=\"thumbnailUrl\" data-envira-srcset=\"https:\/\/edersee-perle.de\/wp-content\/uploads\/2019\/12\/aquamarin-8-2-640x480.jpg 400w,https:\/\/edersee-perle.de\/wp-content\/uploads\/2019\/12\/aquamarin-8-2-640x480.jpg 2x\" srcset=\"data:image\/gif;base64,R0lGODlhAQABAIAAAP\/\/\/\/\/\/\/yH5BAEKAAEALAAAAAABAAEAAAICTAEAOw==\" \/><\/div><\/a><\/div><\/div><\/div><\/div><noscript><img decoding=\"async\" src=\"https:\/\/edersee-perle.de\/wp-content\/uploads\/2019\/12\/aquamarin-1-2.jpg\" alt=\"\" \/><img decoding=\"async\" src=\"https:\/\/edersee-perle.de\/wp-content\/uploads\/2019\/12\/aquamarin-2-2.jpg\" alt=\"\" \/><img decoding=\"async\" src=\"https:\/\/edersee-perle.de\/wp-content\/uploads\/2019\/12\/aquamarin-3-2.jpg\" alt=\"\" \/><img decoding=\"async\" src=\"https:\/\/edersee-perle.de\/wp-content\/uploads\/2019\/12\/aquamarin-4-2.jpg\" alt=\"\" \/><img decoding=\"async\" src=\"https:\/\/edersee-perle.de\/wp-content\/uploads\/2019\/12\/aquamarin-5-2.jpg\" alt=\"\" \/><img decoding=\"async\" src=\"https:\/\/edersee-perle.de\/wp-content\/uploads\/2019\/12\/aquamarin-6-2.jpg\" alt=\"\" \/><img decoding=\"async\" src=\"https:\/\/edersee-perle.de\/wp-content\/uploads\/2019\/12\/aquamarin-7-2.jpg\" alt=\"\" \/><img decoding=\"async\" src=\"https:\/\/edersee-perle.de\/wp-content\/uploads\/2019\/12\/aquamarin-8-2.jpg\" alt=\"\" \/><\/noscript><\/div>\n","protected":false},"excerpt":{"rendered":"<p>Ferienhaus 85 m\u00b2 Personen: 3 Schlafzimmer: 2 Badezimmer: 1 Min. Aufenthalt: 2 N\u00e4chte f\u00fcr Menschen ab 12 Jahren Urlaub mit Weitblick am Wander-,Wassersport und Anglerparadies- Aquamarin Die gro\u00dfz\u00fcgige Ferienwohnung mit traumhaftem, gro\u00dfen Balkon ( 27m\u00b2) und einem tollen Blick auf&hellip; <\/p>\n","protected":false},"author":1,"featured_media":0,"parent":0,"menu_order":0,"comment_status":"closed","ping_status":"closed","template":"","meta":{"footnotes":""},"class_list":["post-17","page","type-page","status-publish","hentry"],"_links":{"self":[{"href":"https:\/\/edersee-perle.de\/index.php?rest_route=\/wp\/v2\/pages\/17","targetHints":{"allow":["GET"]}}],"collection":[{"href":"https:\/\/edersee-perle.de\/index.php?rest_route=\/wp\/v2\/pages"}],"about":[{"href":"https:\/\/edersee-perle.de\/index.php?rest_route=\/wp\/v2\/types\/page"}],"author":[{"embeddable":true,"href":"https:\/\/edersee-perle.de\/index.php?rest_route=\/wp\/v2\/users\/1"}],"replies":[{"embeddable":true,"href":"https:\/\/edersee-perle.de\/index.php?rest_route=%2Fwp%2Fv2%2Fcomments&post=17"}],"version-history":[{"count":9,"href":"https:\/\/edersee-perle.de\/index.php?rest_route=\/wp\/v2\/pages\/17\/revisions"}],"predecessor-version":[{"id":135,"href":"https:\/\/edersee-perle.de\/index.php?rest_route=\/wp\/v2\/pages\/17\/revisions\/135"}],"wp:attachment":[{"href":"https:\/\/edersee-perle.de\/index.php?rest_route=%2Fwp%2Fv2%2Fmedia&parent=17"}],"curies":[{"name":"wp","href":"https:\/\/api.w.org\/{rel}","templated":true}]}}